{"id":5120,"date":"2020-05-24T20:17:11","date_gmt":"2020-05-24T18:17:11","guid":{"rendered":"https:\/\/www.participation4-0.eu\/version2\/?page_id=5120"},"modified":"2020-11-23T09:21:15","modified_gmt":"2020-11-23T08:21:15","slug":"finanzierende-partner","status":"publish","type":"page","link":"https:\/\/www.participation4-0.eu\/fr\/project\/finanzierende-partner\/","title":{"rendered":"Partenaires cofinanceurs"},"content":{"rendered":"<section class=\"cs-section text-center\" style=\" background-color: #1f428c;\"><div class=\"container\"><div class=\"row\"><div class=\"col-md-12\"><div class=\"cs-column-inner\"><div class=\"cs-column-text cs-animation fadeIn text-center\"><h3><span style=\"color: #ffffff;\">Nous sommes trois partenaires pr\u00e9sents en France et en Allemagne dans le domaine de l\u2019\u00e9conomie sociale et solidaire, notamment dans l\u2019insertion et la qualification professionnelle de publics \u00e0 besoins sp\u00e9cifiques.<\/span><\/h3>\n<h3><span style=\"color: #ffffff;\">Nous avons choisi d\u2019unir nos comp\u00e9tences afin d\u2019accompagner les travailleurs handicap\u00e9s dans leur recherche d\u2019emploi dans la zone transfrontali\u00e8re.<\/span><\/h3>\n<\/div><div class=\"cs-column-text cs-animation fadeIn text-center\"><p class=\"cs-text-white\">Si vous souhaitez rejoindre le projet, n&rsquo;h\u00e9sitez pas \u00e0 prendre contact avec nous!<\/p>\n<\/div><a href=\"https:\/\/www.participation4-0.eu\/contact-us-basic\/\" class=\"cs-btn cs-btn-outlined cs-btn-rounded cs-btn-outlined-white cs-btn-lg cs-btn-custom-69e1f59f27b02 cs-animation fadeIn\" title=\"Kontakt\">CONTACT<\/a><\/div><\/div><\/div><\/div><\/section><section class=\"cs-section lg-padding\"><div class=\"container\"><div class=\"row\"><div class=\"col-md-4 hidden-xs cs-animation fadeInLeft\"><div class=\"cs-column-inner\"><div class=\"cs-column-text\"><p><img loading=\"lazy\" decoding=\"async\" class=\"size-full wp-image-4857\" title=\"Participation 4.0 - ASW Logo\" src=\"https:\/\/www.participation4-0.eu\/wp-content\/uploads\/2020\/05\/asw-logo.png\" alt=\"Participation 4.0 - ASW Logo\" width=\"415\" height=\"80\" srcset=\"https:\/\/www.participation4-0.eu\/wp-content\/uploads\/2020\/05\/asw-logo.png 415w, https:\/\/www.participation4-0.eu\/wp-content\/uploads\/2020\/05\/asw-logo-300x58.png 300w\" sizes=\"auto, (max-width: 415px) 100vw, 415px\" \/><\/p>\n<\/div>[vc_empty_space height=\u00a0\u00bb30px\u00a0\u00bb]<\/div><\/div><div class=\"col-md-8 cs-animation fadeInRight\"><div class=\"cs-column-inner\">[vc_custom_heading text=\u00a0\u00bbASW+W gGmbH\u00a0\u00bb font_container=\u00a0\u00bbtag:h2|text_align:left|color:%23000000&Prime; use_theme_fonts=\u00a0\u00bbyes\u00a0\u00bb css=\u00a0\u00bb.vc_custom_1590344349906{padding-top: 15px !important;padding-right: 10px !important;padding-bottom: 15px !important;padding-left: 10px !important;}\u00a0\u00bb][vc_separator color=\u00a0\u00bbcustom\u00a0\u00bb accent_color=\u00a0\u00bb#1f428c\u00a0\u00bb][vc_empty_space height=\u00a0\u00bb5px\u00a0\u00bb]<div class=\"cs-column-text\"><p>ASW+W gGmbH (Albert-Schweitzer-Werkst\u00e4tten und Wohneinrichtungen): C\u2018est une entreprise sociale qui appartient \u00e0 l\u2019organisation Lebenshilfe Offenburg-Oberkirch e.V et qui a \u00e9t\u00e9 fond\u00e9e il y a 50 ans en Allemagne. Elle vient en aide aux personnes en situation de handicap dans tous les domaines du quotidien: travail et formation, logement et loisirs. C&rsquo;est aussi un organisme de formation reconnu dans tout l&rsquo;Ortenau. Les jobcoachs forment, placent, accompagnent les demandeurs d&#8217;emploi et conseillent les entreprises.<\/p>\n<p><main class=\"content\" role=\"main\"><\/main><\/p>\n<\/div>[vc_empty_space height=\u00a0\u00bb30px\u00a0\u00bb]<div class=\"cs-fancybox cs-fancybox-custom cs-fancybox-bgcolor cs-fancybox-tl cs-fancybox-md\" style=\"background-color:#ededed;text-left\"><div class=\"cs-in fa fa-home cs-icon cs-icon-custom cs-icon-bgcolor cs-icon-square cs-icon-md\" style=\"color:#ffffff;background-color:#1f428c;border-color:#ffffff;\"><\/div><div class=\"cs-fancybox-text\"><h3 style=\"text-align: left; margin-bottom: 10px;\">Contact<\/h3>\n<p style=\"text-align: left;\">ASW+W gGmbH<br \/>\nIm Seewinkel 3<br \/>\n77652 Offenburg<\/p>\n<p style=\"text-align: left;\"><a style=\"text-align: left;\" href=\"https:\/\/www.lebenshilfe-offenburg.de\" target=\"_blank\" rel=\"noopener noreferrer\">En savoir plus<\/a><\/p>\n<\/div><\/div><\/div><\/div><\/div><\/div><\/section><section class=\"cs-section lg-padding cs-section-cover-bg\" style=\"background-image: url(https:\/\/www.participation4-0.eu\/wp-content\/uploads\/2020\/05\/hexagon.png); background-repeat: no-repeat;\"><div class=\"container\"><div class=\"row\"><div class=\"col-md-4 hidden-xs cs-animation fadeInLeft\"><div class=\"cs-column-inner\"><div class=\"cs-column-text\"><p><img loading=\"lazy\" decoding=\"async\" class=\"size-full wp-image-5126\" title=\"Participation 4.0 - Logo RDE\" src=\"https:\/\/www.participation4-0.eu\/wp-content\/uploads\/2020\/05\/Rde.jpg\" alt=\"Participation 4.0 - Logo RDE\" width=\"537\" height=\"283\" srcset=\"https:\/\/www.participation4-0.eu\/wp-content\/uploads\/2020\/05\/Rde.jpg 537w, https:\/\/www.participation4-0.eu\/wp-content\/uploads\/2020\/05\/Rde-300x158.jpg 300w\" sizes=\"auto, (max-width: 537px) 100vw, 537px\" \/><\/p>\n<\/div>[vc_empty_space height=\u00a0\u00bb30px\u00a0\u00bb]<\/div><\/div><div class=\"col-md-8 cs-animation fadeInRight\"><div class=\"cs-column-inner\">[vc_custom_heading text=\u00a0\u00bbR\u00c9GIE DES ECRIVAINS\u00a0\u00bb font_container=\u00a0\u00bbtag:h2|text_align:left|color:%23000000&Prime; use_theme_fonts=\u00a0\u00bbyes\u00a0\u00bb css=\u00a0\u00bb.vc_custom_1590344502858{padding-top: 15px !important;padding-right: 10px !important;padding-bottom: 15px !important;padding-left: 10px !important;}\u00a0\u00bb][vc_separator color=\u00a0\u00bbcustom\u00a0\u00bb accent_color=\u00a0\u00bb#1f428c\u00a0\u00bb][vc_empty_space height=\u00a0\u00bb5px\u00a0\u00bb]<div class=\"cs-column-text\"><p>La R\u00c9GIE DES \u00c9CRIVAINS est une entreprise sociale qui oeuvre depuis 25 ans \u00e0 Schiltigheim. Elle accompagne des personnes en difficult\u00e9 et \u00e0 besoins sp\u00e9cifiques dans des parcours d\u2019insertion professionnelle, notamment dans les<br \/>\nsecteurs de la propret\u00e9, des espaces verts et des services \u00e0 la personne.<\/p>\n<\/div>[vc_empty_space height=\u00a0\u00bb30px\u00a0\u00bb]<div class=\"cs-fancybox cs-fancybox-custom cs-fancybox-bgcolor cs-fancybox-tl cs-fancybox-md\" style=\"background-color:#ededed;text-left\"><div class=\"cs-in fa fa-home cs-icon cs-icon-custom cs-icon-bgcolor cs-icon-square cs-icon-md\" style=\"color:#ffffff;background-color:#1f428c;border-color:#ffffff;\"><\/div><div class=\"cs-fancybox-text\"><h3 style=\"text-align: left; margin-bottom: 10px;\">Contact<\/h3>\n<p style=\"text-align: left;\">La R\u00e9gie des Ecrivains<br \/>\n<span class=\"LrzXr\">1 Rue Verlaine<\/span><br \/>\n<span class=\"LrzXr\"> 67300 Schiltigheim<\/span><\/p>\n<p style=\"text-align: left;\"><a style=\"text-align: left;\" href=\"http:\/\/www.regiedesecrivains.com\/\" target=\"_blank\" rel=\"noopener noreferrer\">En savoir plus<\/a><\/p>\n<\/div><\/div><\/div><\/div><\/div><\/div><\/section><section class=\"cs-section lg-padding\"><div class=\"container\"><div class=\"row\"><div class=\"col-md-4 hidden-xs cs-animation fadeInLeft\"><div class=\"cs-column-inner\"><div class=\"cs-column-text\"><p><img loading=\"lazy\" decoding=\"async\" class=\"size-full wp-image-5128\" title=\"Participation 4.0 - Logo SOLIVERS\" src=\"https:\/\/www.participation4-0.eu\/wp-content\/uploads\/2020\/05\/SOLIVERS.jpg\" alt=\"Participation 4.0 - Logo SOLIVERS\" width=\"591\" height=\"296\" srcset=\"https:\/\/www.participation4-0.eu\/wp-content\/uploads\/2020\/05\/SOLIVERS.jpg 591w, https:\/\/www.participation4-0.eu\/wp-content\/uploads\/2020\/05\/SOLIVERS-300x150.jpg 300w\" sizes=\"auto, (max-width: 591px) 100vw, 591px\" \/><\/p>\n<\/div>[vc_empty_space height=\u00a0\u00bb30px\u00a0\u00bb]<\/div><\/div><div class=\"col-md-8 cs-animation fadeInRight\"><div class=\"cs-column-inner\">[vc_custom_heading text=\u00a0\u00bbSOLI&rsquo;VERS\u00a0\u00bb font_container=\u00a0\u00bbtag:h2|text_align:left|color:%23000000&Prime; use_theme_fonts=\u00a0\u00bbyes\u00a0\u00bb css=\u00a0\u00bb.vc_custom_1592228819653{padding-top: 15px !important;padding-right: 10px !important;padding-bottom: 15px !important;padding-left: 10px !important;}\u00a0\u00bb][vc_separator color=\u00a0\u00bbcustom\u00a0\u00bb accent_color=\u00a0\u00bb#1f428c\u00a0\u00bb][vc_empty_space height=\u00a0\u00bb5px\u00a0\u00bb]<div class=\"cs-column-text\"><p>Solivers est une Soci\u00e9t\u00e9 Coop\u00e9rative d\u2019Int\u00e9r\u00eat Collectif (SCIC) cr\u00e9\u00e9e en 2012 \u00e0 Molsheim et h\u00e9berge plusieurs entreprises adapt\u00e9es et d\u2019insertion ainsi qu\u2019un organisme de formation dans les secteurs des m\u00e9tiers de bouche et de l&rsquo;entretien des espaces verts. Elle propose \u00e9galement aux entreprises sociales un accompagnement global ainsi qu\u2019un appui \u00e0 l\u2019ing\u00e9nierie de projets d\u2019inclusion.<\/p>\n<\/div>[vc_empty_space height=\u00a0\u00bb30px\u00a0\u00bb]<div class=\"cs-fancybox cs-fancybox-custom cs-fancybox-bgcolor cs-fancybox-tl cs-fancybox-md\" style=\"background-color:#ededed;text-left\"><div class=\"cs-in fa fa-home cs-icon cs-icon-custom cs-icon-bgcolor cs-icon-square cs-icon-md\" style=\"color:#ffffff;background-color:#1f428c;border-color:#ffffff;\"><\/div><div class=\"cs-fancybox-text\"><h3 style=\"text-align: left; margin-bottom: 10px;\">Contact<\/h3>\n<p style=\"text-align: left;\">Solivers<br \/>\n<span class=\"LrzXr\">46 Route Ecospace<\/span><br \/>\n<span class=\"LrzXr\"> 67120 Molsheim<\/span><\/p>\n<p style=\"text-align: left;\"><a href=\"http:\/\/www.solivers.eu\/home\">En savoir plus<\/a><\/p>\n<\/div><\/div><\/div><\/div><\/div><\/div><\/section><section class=\"cs-section no-padding text-center\"><div class=\"container-fluid\"><div class=\"row\"><div class=\"col-md-6 lg-padding\" style=\"background-color: #1f428c;\"><div class=\"cs-column-inner\"><div class=\"cs-column-text cs-animation fadeIn\"><i class=\"fa fa-twitter\" style=\"font-size: 75px; color:white;\"><\/i>\n<\/div><a href=\"https:\/\/twitter.com\/0Participation\" class=\"cs-btn cs-btn-outlined cs-btn-rounded cs-btn-outlined-white cs-btn-xl cs-btn-custom-69e1f59f280c2 cs-animation fadeIn\" target=\"_blank\">SUIVEZ-NOUS SUR TWITTER<\/a><\/div><\/div><div class=\"col-md-6 lg-padding\" style=\"background-color: #7b2b29;\"><div class=\"cs-column-inner\"><div class=\"cs-column-text cs-animation fadeIn\"><i class=\"fa fa-facebook\" style=\"font-size:75px; color:white;\"><\/i>\n<\/div><a href=\"https:\/\/www.facebook.com\/Participation-40-350507678744690\/\" class=\"cs-btn cs-btn-outlined cs-btn-rounded cs-btn-outlined-white cs-btn-xl cs-btn-custom-69e1f59f2814e cs-animation fadeIn\" target=\"_blank\">SUIVEZ-NOUS SUR FACEBOOK<\/a><\/div><\/div><\/div><\/div><\/section>\n","protected":false},"excerpt":{"rendered":"<p><span class=\"entry-read-more\"><a href=\"https:\/\/www.participation4-0.eu\/fr\/project\/finanzierende-partner\/\" class=\"cs-btn cs-btn-flat cs-btn-rounded cs-btn-xxs cs-btn-flat-accent\">Lire la suite<\/a><\/span><\/p>\n","protected":false},"author":1,"featured_media":0,"parent":473,"menu_order":19,"comment_status":"open","ping_status":"open","template":"","meta":{"footnotes":""},"class_list":["post-5120","page","type-page","status-publish","hentry"],"_links":{"self":[{"href":"https:\/\/www.participation4-0.eu\/fr\/wp-json\/wp\/v2\/pages\/5120","targetHints":{"allow":["GET"]}}],"collection":[{"href":"https:\/\/www.participation4-0.eu\/fr\/wp-json\/wp\/v2\/pages"}],"about":[{"href":"https:\/\/www.participation4-0.eu\/fr\/wp-json\/wp\/v2\/types\/page"}],"author":[{"embeddable":true,"href":"https:\/\/www.participation4-0.eu\/fr\/wp-json\/wp\/v2\/users\/1"}],"replies":[{"embeddable":true,"href":"https:\/\/www.participation4-0.eu\/fr\/wp-json\/wp\/v2\/comments?post=5120"}],"version-history":[{"count":32,"href":"https:\/\/www.participation4-0.eu\/fr\/wp-json\/wp\/v2\/pages\/5120\/revisions"}],"predecessor-version":[{"id":6362,"href":"https:\/\/www.participation4-0.eu\/fr\/wp-json\/wp\/v2\/pages\/5120\/revisions\/6362"}],"up":[{"embeddable":true,"href":"https:\/\/www.participation4-0.eu\/fr\/wp-json\/wp\/v2\/pages\/473"}],"wp:attachment":[{"href":"https:\/\/www.participation4-0.eu\/fr\/wp-json\/wp\/v2\/media?parent=5120"}],"curies":[{"name":"wp","href":"https:\/\/api.w.org\/{rel}","templated":true}]}}