{"id":5133,"date":"2020-05-24T20:28:08","date_gmt":"2020-05-24T18:28:08","guid":{"rendered":"https:\/\/www.participation4-0.eu\/version2\/?page_id=5133"},"modified":"2020-11-23T13:24:01","modified_gmt":"2020-11-23T12:24:01","slug":"jobcoaching","status":"publish","type":"page","link":"https:\/\/www.participation4-0.eu\/fr\/arbeitssuchend\/jobcoaching\/","title":{"rendered":"Jobcoaching"},"content":{"rendered":"<section class=\"cs-section\"><div class=\"container\"><div class=\"row\"><div class=\"col-md-12\"><div class=\"cs-column-inner\"><div class=\"cs-column-text\"><p>Vous \u00eates en situation de handicap et cherchez un emploi en Allemagne? Notre jobcoach vous accompagne dans toutes les \u00e9tapes de votre d\u00e9marche.<\/p>\n<p>L&rsquo;accompagnement en jobcoaching se d\u00e9finit en 3 grandes \u00e9tapes telles que d\u00e9crit ci-dessous:<\/p>\n<\/div><hr class=\"cs-space\">[vc_single_image image=\u00a0\u00bb5713&Prime; img_size=\u00a0\u00bb5000X500&Prime; add_caption=\u00a0\u00bbyes\u00a0\u00bb alignment=\u00a0\u00bbcenter\u00a0\u00bb title=\u00a0\u00bbJobcoaching\u00a0\u00bb]<\/div><\/div><\/div><\/div><\/section><section class=\"cs-section\"><div class=\"container\"><div class=\"row\"><div class=\"col-md-12\"><div class=\"cs-column-inner\">[vc_empty_space]<\/div><\/div><\/div><\/div><\/section><section class=\"cs-section lg-padding text-center\" style=\" background-color: #7b2b29;\"><div class=\"container\"><div class=\"row\"><div class=\"col-md-12\"><div class=\"cs-column-inner\"><div class=\"cs-column-text cs-animation fadeIn text-center\"><h1 class=\"cs-text-white\">Vous souhaitez nous rejoindre?<\/h1>\n<\/div><a href=\"https:\/\/www.participation4-0.eu\/fr\/contact-us-basic\/\" class=\"cs-btn cs-btn-outlined cs-btn-rounded cs-btn-outlined-white cs-btn-lg cs-btn-custom-69f21fc21fc90 cs-animation fadeIn\" title=\"Kontakt\">C&rsquo;est par ici!<\/a><\/div><\/div><\/div><\/div><\/section>\n","protected":false},"excerpt":{"rendered":"<p><span class=\"entry-read-more\"><a href=\"https:\/\/www.participation4-0.eu\/fr\/arbeitssuchend\/jobcoaching\/\" class=\"cs-btn cs-btn-flat cs-btn-rounded cs-btn-xxs cs-btn-flat-accent\">Lire la suite<\/a><\/span><\/p>\n","protected":false},"author":1,"featured_media":0,"parent":5210,"menu_order":13,"comment_status":"open","ping_status":"open","template":"","meta":{"footnotes":""},"class_list":["post-5133","page","type-page","status-publish","hentry"],"_links":{"self":[{"href":"https:\/\/www.participation4-0.eu\/fr\/wp-json\/wp\/v2\/pages\/5133","targetHints":{"allow":["GET"]}}],"collection":[{"href":"https:\/\/www.participation4-0.eu\/fr\/wp-json\/wp\/v2\/pages"}],"about":[{"href":"https:\/\/www.participation4-0.eu\/fr\/wp-json\/wp\/v2\/types\/page"}],"author":[{"embeddable":true,"href":"https:\/\/www.participation4-0.eu\/fr\/wp-json\/wp\/v2\/users\/1"}],"replies":[{"embeddable":true,"href":"https:\/\/www.participation4-0.eu\/fr\/wp-json\/wp\/v2\/comments?post=5133"}],"version-history":[{"count":31,"href":"https:\/\/www.participation4-0.eu\/fr\/wp-json\/wp\/v2\/pages\/5133\/revisions"}],"predecessor-version":[{"id":6396,"href":"https:\/\/www.participation4-0.eu\/fr\/wp-json\/wp\/v2\/pages\/5133\/revisions\/6396"}],"up":[{"embeddable":true,"href":"https:\/\/www.participation4-0.eu\/fr\/wp-json\/wp\/v2\/pages\/5210"}],"wp:attachment":[{"href":"https:\/\/www.participation4-0.eu\/fr\/wp-json\/wp\/v2\/media?parent=5133"}],"curies":[{"name":"wp","href":"https:\/\/api.w.org\/{rel}","templated":true}]}}