{"id":5151,"date":"2020-05-24T20:45:05","date_gmt":"2020-05-24T18:45:05","guid":{"rendered":"https:\/\/www.participation4-0.eu\/version2\/?page_id=5151"},"modified":"2020-11-23T13:24:34","modified_gmt":"2020-11-23T12:24:34","slug":"begleitheft","status":"publish","type":"page","link":"https:\/\/www.participation4-0.eu\/fr\/arbeitssuchend\/begleitheft\/","title":{"rendered":"Livret d&rsquo;accompagnement"},"content":{"rendered":"<section class=\"cs-section\"><div class=\"container\"><div class=\"row\"><div class=\"col-md-12\"><div class=\"cs-column-inner\"><div class=\"cs-column-text\"><p>Ce livret a \u00e9t\u00e9 d\u00e9velopp\u00e9 pour vous accompagner tout au long de votre parcours franco-allemand et vous aider \u00e0 :<\/p>\n<ul>\n<li>optimiser et garder une trace de l\u2019accompagnement que vous aurez suivi<\/li>\n<li>synth\u00e9tiser vos informations personnelles utiles \u00e0 la recherche d\u2019emploi et aux entretiens d\u2019embauche<\/li>\n<li>passer facilement du fran\u00e7ais \u00e0 l\u2019allemand gr\u00e2ce \u00e0 un format bilingue<\/li>\n<li>acc\u00e9der \u00e0 des informations cl\u00e9s sur l\u2019emploi transfrontalier gr\u00e2ce \u00e0 des fiches ressources<\/li>\n<li>avoir toutes les cl\u00e9s pour suivre un parcours transfrontalier au-del\u00e0 de l\u2019accompagnement du jobcoach<\/li>\n<\/ul>\n<p>Compl\u00e9t\u00e9 au fur et \u00e0 mesure sur la base du volontariat, ce livret deviendra l\u2019alli\u00e9 de votre recherche d\u2019emploi. Emportez le \u00e0 vos entretiens avec vos jobcoachs pour prendre des notes et rassemblez-y tous les documents qui seront utiles \u00e0 votre recherche d\u2019emploi.\u00a0 N\u2019h\u00e9sitez donc pas \u00e0 solliciter vos jobcoachs pour vous aider \u00e0 le compl\u00e9ter !<\/p>\n<\/div>[vc_empty_space]<\/div><\/div><\/div><\/div><\/section><section class=\"cs-section\"><div class=\"container\"><div class=\"row\"><div class=\"col-md-12 vc_custom_1598349411226\"><div class=\"cs-column-inner\">[vc_empty_space height=\u00a0\u00bb48px\u00a0\u00bb]<div class=\"cs-column-text\"><div class=\"cs-column-text text-center\">\n<h2><\/h2>\n<h2 class=\"cs-text-white\"><span style=\"color: #ffffff;\">Cliquez ci-dessous pour obtenir votre livret en version pdf<\/span><\/h2>\n<\/div>\n<\/div><div class=\"cs-btn-align text-center\"><a href=\"https:\/\/www.participation4-0.eu\/wp-content\/uploads\/2020\/11\/Livret_daccompagnement_Participation4.0-1.pdf\" class=\"cs-btn cs-btn-custom cs-btn-square cs-btn-custom-own cs-btn-sm cs-btn-custom-69f2a341cf772 cs-animation fadeIn\" title=\"404\">En savoir plus<\/a><\/div>[vc_empty_space]<\/div><\/div><\/div><\/div><\/section>\n","protected":false},"excerpt":{"rendered":"<p><span class=\"entry-read-more\"><a href=\"https:\/\/www.participation4-0.eu\/fr\/arbeitssuchend\/begleitheft\/\" class=\"cs-btn cs-btn-flat cs-btn-rounded cs-btn-xxs cs-btn-flat-accent\">Lire la suite<\/a><\/span><\/p>\n","protected":false},"author":1,"featured_media":0,"parent":5210,"menu_order":12,"comment_status":"open","ping_status":"open","template":"","meta":{"footnotes":""},"class_list":["post-5151","page","type-page","status-publish","hentry"],"_links":{"self":[{"href":"https:\/\/www.participation4-0.eu\/fr\/wp-json\/wp\/v2\/pages\/5151","targetHints":{"allow":["GET"]}}],"collection":[{"href":"https:\/\/www.participation4-0.eu\/fr\/wp-json\/wp\/v2\/pages"}],"about":[{"href":"https:\/\/www.participation4-0.eu\/fr\/wp-json\/wp\/v2\/types\/page"}],"author":[{"embeddable":true,"href":"https:\/\/www.participation4-0.eu\/fr\/wp-json\/wp\/v2\/users\/1"}],"replies":[{"embeddable":true,"href":"https:\/\/www.participation4-0.eu\/fr\/wp-json\/wp\/v2\/comments?post=5151"}],"version-history":[{"count":33,"href":"https:\/\/www.participation4-0.eu\/fr\/wp-json\/wp\/v2\/pages\/5151\/revisions"}],"predecessor-version":[{"id":6398,"href":"https:\/\/www.participation4-0.eu\/fr\/wp-json\/wp\/v2\/pages\/5151\/revisions\/6398"}],"up":[{"embeddable":true,"href":"https:\/\/www.participation4-0.eu\/fr\/wp-json\/wp\/v2\/pages\/5210"}],"wp:attachment":[{"href":"https:\/\/www.participation4-0.eu\/fr\/wp-json\/wp\/v2\/media?parent=5151"}],"curies":[{"name":"wp","href":"https:\/\/api.w.org\/{rel}","templated":true}]}}