{"id":5210,"date":"2020-05-29T10:18:09","date_gmt":"2020-05-29T08:18:09","guid":{"rendered":"https:\/\/www.participation4-0.eu\/version2\/?page_id=5210"},"modified":"2020-11-23T13:23:28","modified_gmt":"2020-11-23T12:23:28","slug":"arbeitssuchend","status":"publish","type":"page","link":"https:\/\/www.participation4-0.eu\/fr\/arbeitssuchend\/","title":{"rendered":"Vous recherchez un emploi?"},"content":{"rendered":"<section class=\"cs-section\"><div class=\"container\"><div class=\"row\"><div class=\"col-md-12\"><div class=\"cs-column-inner\"><div class=\"cs-column-text\"><p>Si vous \u00eates \u00e0 la recherche d&rsquo;un emploi dans la zone transfrontali\u00e8re et que vous recherchez des informations pour faciliter vos d\u00e9marches, que vous souhaitez un accompagnement individualis\u00e9 , alors vous \u00eates au bon endroit.<\/p>\n<p>N&rsquo;h\u00e9sitez pas \u00e0 d\u00e9couvrir notre m\u00e9thode de jobcoaching pour augmenter vos chances de trouver un emploi ou \u00e0 nous contacter tout simplement!<\/p>\n<\/div><hr class=\"cs-space\"><\/div><\/div><\/div><\/div><\/section><section class=\"cs-section no-padding\"><div class=\"container\"><div class=\"row\"><div class=\"col-md-3\"><div class=\"cs-column-inner\"><div class=\"cs-fancybox cs-fancybox-custom cs-fancybox-bgcolor cs-fancybox-tc cs-fancybox-md\" style=\"border-color:#428bca;\"><div class=\"cs-in fa fa-check cs-icon cs-icon-accent cs-icon-bgcolor cs-icon-circle cs-icon-md\"><\/div><h4 class=\"cs-fancybox-heading\">Jobcoaching<\/h4><div class=\"cs-fancybox-text\"><p>Nous vous accompagnons volontiers dans votre recherche d&#8217;emploi.<\/p>\n<p><a href=\"https:\/\/www.participation4-0.eu\/fr\/arbeitssuchend\/jobcoaching\/\">En savoir plus<\/a><\/p>\n<\/div><\/div><\/div><\/div><div class=\"col-md-3\"><div class=\"cs-column-inner\"><div class=\"cs-fancybox cs-fancybox-custom cs-fancybox-bgcolor cs-fancybox-tc cs-fancybox-md\" style=\"border-color:#428bca;\"><div class=\"cs-in fa fa-check cs-icon cs-icon-accent cs-icon-bgcolor cs-icon-circle cs-icon-md\"><\/div><h4 class=\"cs-fancybox-heading\">Le livret<\/h4><div class=\"cs-fancybox-text\"><p>D\u00e9couvrez notre livret d&rsquo;accompagnement pour faciliter votre reherche d&#8217;emploi.<\/p>\n<p><a href=\"https:\/\/www.participation4-0.eu\/fr\/arbeitssuchend\/begleitheft\/\">En savoir plus<\/a><\/p>\n<\/div><\/div><\/div><\/div><div class=\"col-md-3\"><div class=\"cs-column-inner\"><div class=\"cs-fancybox cs-fancybox-custom cs-fancybox-bgcolor cs-fancybox-tc cs-fancybox-md\" style=\"border-color:#428bca;\"><div class=\"cs-in fa fa-check cs-icon cs-icon-accent cs-icon-bgcolor cs-icon-circle cs-icon-md\"><\/div><h4 class=\"cs-fancybox-heading\">Mobilit\u00e9<\/h4><div class=\"cs-fancybox-text\"><p>Retrouverez ici toutes les informations relatives \u00e0 la mobilit\u00e9.<\/p>\n<p><a href=\"https:\/\/www.participation4-0.eu\/fr\/arbeitssuchend\/mobilitaet\/\">En savoir plus<\/a><\/p>\n<\/div><\/div><\/div><\/div><div class=\"col-md-3\"><div class=\"cs-column-inner\"><div class=\"cs-fancybox cs-fancybox-custom cs-fancybox-bgcolor cs-fancybox-tc cs-fancybox-md\" style=\"border-color:#428bca;\"><div class=\"cs-in fa fa-check cs-icon cs-icon-accent cs-icon-bgcolor cs-icon-circle cs-icon-md\"><\/div><h4 class=\"cs-fancybox-heading\">Sites d'offres d'emploi<\/h4><div class=\"cs-fancybox-text\"><p>Vous trouverez ici notre s\u00e9lection de sites d&rsquo;offres d&#8217;emploi<\/p>\n<p><a href=\"https:\/\/www.participation4-0.eu\/fr\/arbeitssuchend\/jobboersen\/\">En savoir plus<\/a><\/p>\n<\/div><\/div><\/div><\/div><\/div><\/div><\/section><section class=\"cs-section\"><div class=\"container\"><div class=\"row\"><div class=\"col-md-12\"><div class=\"cs-column-inner\">[vc_empty_space]<div class=\"cs-column-text\"><p>N&rsquo;h\u00e9sitez pas \u00e0 consulter notre foire aux questions les plus fr\u00e9quemment pos\u00e9es en cliquant sur ce lien <a href=\"https:\/\/www.participation4-0.eu\/fr\/arbeitssuchend\/faq\/\"><strong>FAQ.<\/strong><\/a><\/p>\n<p>Vous n&rsquo;avez pas trouv\u00e9 la r\u00e9ponse \u00e0 la question que vous vous posez? Pas de probl\u00e8me, contactez-nous <a href=\"https:\/\/www.participation4-0.eu\/fr\/contact-us-basic\/\"><strong>Contact<\/strong><\/a><\/p>\n<\/div><\/div><\/div><\/div><\/div><\/section><section class=\"cs-section\"><div class=\"container\"><div class=\"row\"><div class=\"col-md-12\"><div class=\"cs-column-inner\"><\/div><\/div><\/div><\/div><\/section>\n","protected":false},"excerpt":{"rendered":"<p><span class=\"entry-read-more\"><a href=\"https:\/\/www.participation4-0.eu\/fr\/arbeitssuchend\/\" class=\"cs-btn cs-btn-flat cs-btn-rounded cs-btn-xxs cs-btn-flat-accent\">Lire la suite<\/a><\/span><\/p>\n","protected":false},"author":1,"featured_media":0,"parent":0,"menu_order":10,"comment_status":"open","ping_status":"open","template":"","meta":{"footnotes":""},"class_list":["post-5210","page","type-page","status-publish","hentry"],"_links":{"self":[{"href":"https:\/\/www.participation4-0.eu\/fr\/wp-json\/wp\/v2\/pages\/5210","targetHints":{"allow":["GET"]}}],"collection":[{"href":"https:\/\/www.participation4-0.eu\/fr\/wp-json\/wp\/v2\/pages"}],"about":[{"href":"https:\/\/www.participation4-0.eu\/fr\/wp-json\/wp\/v2\/types\/page"}],"author":[{"embeddable":true,"href":"https:\/\/www.participation4-0.eu\/fr\/wp-json\/wp\/v2\/users\/1"}],"replies":[{"embeddable":true,"href":"https:\/\/www.participation4-0.eu\/fr\/wp-json\/wp\/v2\/comments?post=5210"}],"version-history":[{"count":26,"href":"https:\/\/www.participation4-0.eu\/fr\/wp-json\/wp\/v2\/pages\/5210\/revisions"}],"predecessor-version":[{"id":6394,"href":"https:\/\/www.participation4-0.eu\/fr\/wp-json\/wp\/v2\/pages\/5210\/revisions\/6394"}],"wp:attachment":[{"href":"https:\/\/www.participation4-0.eu\/fr\/wp-json\/wp\/v2\/media?parent=5210"}],"curies":[{"name":"wp","href":"https:\/\/api.w.org\/{rel}","templated":true}]}}