{"id":5336,"date":"2020-05-29T10:51:34","date_gmt":"2020-05-29T08:51:34","guid":{"rendered":"https:\/\/www.participation4-0.eu\/version2\/?page_id=5336"},"modified":"2020-11-23T13:27:38","modified_gmt":"2020-11-23T12:27:38","slug":"beratung","status":"publish","type":"page","link":"https:\/\/www.participation4-0.eu\/fr\/arbeitgeber\/beratung\/","title":{"rendered":"Conseil"},"content":{"rendered":"<section class=\"cs-section\"><div class=\"container\"><div class=\"row\"><div class=\"col-md-12\"><div class=\"cs-column-inner\"><div class=\"cs-column-text\"><p>Le projet Interreg V du Rhin sup\u00e9rieur \u00ab\u00a0Participation 4.0 \u2013 Travail inclusif sans fronti\u00e8res\u00a0\u00bb s\u2019est donn\u00e9 pour objectif d\u2019encourager l\u2019emploi transfrontalier et la mobilit\u00e9 pour les travailleurs handicap\u00e9s, ainsi que l\u2019inclusion dans les entreprises.<\/p>\n<p>Dans le cadre du projet, Participation 4.0 accompagne des travailleurs handicap\u00e9s fran\u00e7ais dans leur recherche d\u2019emploi en Allemagne. Gr\u00e2ce \u00e0 un jobcoaching individuel, les personnes sont accompagn\u00e9es tout au long du processus.<\/p>\n<p>Les employeurs sont \u00e9galement accompagn\u00e9s dans l\u2019embauche et l\u2019accueil des travailleurs handicap\u00e9s. L\u2019emploi de collaborateurs en situation d\u2019handicap offre des opportunit\u00e9s mais aussi de nouveaux enjeux pour les entreprises.<\/p>\n<p>Vous souhaitez ou avez d\u00e9j\u00e0 embauch\u00e9 une personne en situation d\u2019handicap, et beaucoup de questions se posent \u00e0 vous\u00a0? Nous sommes l\u00e0 pour vous conseiller. N\u2019h\u00e9sitez pas \u00e0 nous contacter.<\/p>\n<\/div><div class=\"cs-divider-icon text-center\"><div class=\"cs-divider-icon-inner\" style=\"color:#e0e0e0;border-top-color:#e0e0e0;\"><i class=\"cs-in fa fa-check-circle\"><\/i><\/div><\/div>[vc_empty_space]<\/div><\/div><\/div><\/div><\/section><section class=\"cs-section no-padding\"><div class=\"container\"><div class=\"row\"><div class=\"col-md-4 cs-animation fadeInDown\"><div class=\"cs-column-inner\"><\/div><\/div><div class=\"col-md-4\"><div class=\"cs-column-inner\"><\/div><\/div><\/div><\/div><\/section>\n","protected":false},"excerpt":{"rendered":"<p><span class=\"entry-read-more\"><a href=\"https:\/\/www.participation4-0.eu\/fr\/arbeitgeber\/beratung\/\" class=\"cs-btn cs-btn-flat cs-btn-rounded cs-btn-xxs cs-btn-flat-accent\">Lire la suite<\/a><\/span><\/p>\n","protected":false},"author":1,"featured_media":0,"parent":5332,"menu_order":9,"comment_status":"open","ping_status":"open","template":"","meta":{"footnotes":""},"class_list":["post-5336","page","type-page","status-publish","hentry"],"_links":{"self":[{"href":"https:\/\/www.participation4-0.eu\/fr\/wp-json\/wp\/v2\/pages\/5336","targetHints":{"allow":["GET"]}}],"collection":[{"href":"https:\/\/www.participation4-0.eu\/fr\/wp-json\/wp\/v2\/pages"}],"about":[{"href":"https:\/\/www.participation4-0.eu\/fr\/wp-json\/wp\/v2\/types\/page"}],"author":[{"embeddable":true,"href":"https:\/\/www.participation4-0.eu\/fr\/wp-json\/wp\/v2\/users\/1"}],"replies":[{"embeddable":true,"href":"https:\/\/www.participation4-0.eu\/fr\/wp-json\/wp\/v2\/comments?post=5336"}],"version-history":[{"count":10,"href":"https:\/\/www.participation4-0.eu\/fr\/wp-json\/wp\/v2\/pages\/5336\/revisions"}],"predecessor-version":[{"id":6408,"href":"https:\/\/www.participation4-0.eu\/fr\/wp-json\/wp\/v2\/pages\/5336\/revisions\/6408"}],"up":[{"embeddable":true,"href":"https:\/\/www.participation4-0.eu\/fr\/wp-json\/wp\/v2\/pages\/5332"}],"wp:attachment":[{"href":"https:\/\/www.participation4-0.eu\/fr\/wp-json\/wp\/v2\/media?parent=5336"}],"curies":[{"name":"wp","href":"https:\/\/api.w.org\/{rel}","templated":true}]}}