{"id":5366,"date":"2020-05-29T11:23:35","date_gmt":"2020-05-29T09:23:35","guid":{"rendered":"https:\/\/www.participation4-0.eu\/version2\/?page_id=5366"},"modified":"2020-11-23T13:28:56","modified_gmt":"2020-11-23T12:28:56","slug":"arbeitsvermittler","status":"publish","type":"page","link":"https:\/\/www.participation4-0.eu\/fr\/arbeitsvermittler\/","title":{"rendered":"Vous \u00eates un professionnel de l&#8217;emploi?"},"content":{"rendered":"<section class=\"cs-section\"><div class=\"container\"><div class=\"row\"><div class=\"col-md-12\"><div class=\"cs-column-inner\"><div class=\"cs-column-text\"><p>Vous \u00eates un professionnel de l&#8217;emploi et accompagnez des personnes en situation de handicap dans leur recherche d&#8217;emploi outre Rhin?Vous trouverez ici toutes les informations n\u00e9cessaires pour faciliter l&rsquo;accompagnement transfrontalier, n&rsquo;h\u00e9sitez pas \u00e0 nous contacter si vous avez besoin de conseils.<\/p>\n<\/div><hr class=\"cs-space\"><\/div><\/div><\/div><\/div><\/section><section class=\"cs-section no-padding\"><div class=\"container\"><div class=\"row\"><div class=\"col-md-6\"><div class=\"cs-column-inner\"><div class=\"cs-fancybox cs-fancybox-custom cs-fancybox-bgcolor cs-fancybox-tc cs-fancybox-md\" style=\"border-color:#428bca;\"><div class=\"cs-in fa fa-check cs-icon cs-icon-accent cs-icon-bgcolor cs-icon-circle cs-icon-md\"><\/div><h4 class=\"cs-fancybox-heading\">Guide d'accompagnement<\/h4><div class=\"cs-fancybox-text\"><p>Retrouvez ici toutes les \u00e9tapes de notre m\u00e9thode d&rsquo;accompagnement dans le contexte transfrontalier.<\/p>\n<p><a href=\"https:\/\/www.participation4-0.eu\/fr\/arbeitsvermittler\/leitfaden\/\">En savoir plus<\/a><\/p>\n<\/div><\/div><\/div><\/div><div class=\"col-md-6\"><div class=\"cs-column-inner\"><div class=\"cs-fancybox cs-fancybox-custom cs-fancybox-bgcolor cs-fancybox-tc cs-fancybox-md\" style=\"border-color:#428bca;\"><div class=\"cs-in fa fa-check cs-icon cs-icon-accent cs-icon-bgcolor cs-icon-circle cs-icon-md\"><\/div><h4 class=\"cs-fancybox-heading\">Liens utiles<\/h4><div class=\"cs-fancybox-text\"><p>Retrouvez ici tous les liens utiles.<\/p>\n<p><a href=\"https:\/\/www.participation4-0.eu\/fr\/arbeitsvermittler\/link-empfehlungen\/\">En savoir plus<\/a><\/p>\n<\/div><\/div><\/div><\/div><\/div><\/div><\/section>\n","protected":false},"excerpt":{"rendered":"<p><span class=\"entry-read-more\"><a href=\"https:\/\/www.participation4-0.eu\/fr\/arbeitsvermittler\/\" class=\"cs-btn cs-btn-flat cs-btn-rounded cs-btn-xxs cs-btn-flat-accent\">Lire la suite<\/a><\/span><\/p>\n","protected":false},"author":1,"featured_media":0,"parent":0,"menu_order":2,"comment_status":"open","ping_status":"open","template":"","meta":{"footnotes":""},"class_list":["post-5366","page","type-page","status-publish","hentry"],"_links":{"self":[{"href":"https:\/\/www.participation4-0.eu\/fr\/wp-json\/wp\/v2\/pages\/5366","targetHints":{"allow":["GET"]}}],"collection":[{"href":"https:\/\/www.participation4-0.eu\/fr\/wp-json\/wp\/v2\/pages"}],"about":[{"href":"https:\/\/www.participation4-0.eu\/fr\/wp-json\/wp\/v2\/types\/page"}],"author":[{"embeddable":true,"href":"https:\/\/www.participation4-0.eu\/fr\/wp-json\/wp\/v2\/users\/1"}],"replies":[{"embeddable":true,"href":"https:\/\/www.participation4-0.eu\/fr\/wp-json\/wp\/v2\/comments?post=5366"}],"version-history":[{"count":29,"href":"https:\/\/www.participation4-0.eu\/fr\/wp-json\/wp\/v2\/pages\/5366\/revisions"}],"predecessor-version":[{"id":6414,"href":"https:\/\/www.participation4-0.eu\/fr\/wp-json\/wp\/v2\/pages\/5366\/revisions\/6414"}],"wp:attachment":[{"href":"https:\/\/www.participation4-0.eu\/fr\/wp-json\/wp\/v2\/media?parent=5366"}],"curies":[{"name":"wp","href":"https:\/\/api.w.org\/{rel}","templated":true}]}}