{"id":5369,"date":"2020-05-29T12:02:28","date_gmt":"2020-05-29T10:02:28","guid":{"rendered":"https:\/\/www.participation4-0.eu\/?page_id=5369"},"modified":"2021-03-17T09:30:12","modified_gmt":"2021-03-17T08:30:12","slug":"leitfaden","status":"publish","type":"page","link":"https:\/\/www.participation4-0.eu\/fr\/arbeitsvermittler\/leitfaden\/","title":{"rendered":"Guide d&#039;accompagnement"},"content":{"rendered":"<section class=\"cs-section\"><div class=\"container\"><div class=\"row\"><div class=\"col-md-12\"><div class=\"cs-column-inner\"><div class=\"cs-column-text\"><h4 class=\"cs-fancybox-heading\">Guide d&rsquo;accompagnement pour les acteurs de l&#8217;emploi<\/h4>\n<\/div><div class=\"cs-divider-icon text-center\"><div class=\"cs-divider-icon-inner\" style=\"color:#e0e0e0;border-top-color:#e0e0e0;\"><i class=\"cs-in fa fa-check-circle\"><\/i><\/div><\/div><div class=\"cs-column-text\"><p>Ce guide r\u00e9sulte de l\u2019axe Soutien des personnes en situation de handicap et rend compte d\u2019une <strong>m\u00e9thode franco-allemande d\u2019accompagnement<\/strong> d\u00e9velopp\u00e9e dans le cadre du projet Participation 4.0. Il a vocation \u00e0 <strong>soutenir les professionnels de l\u2019emploi de part et d\u2019autre du Rhin<\/strong> et \u00e0 leur fournir des outils pour accompagner les personnes en situation de handicap dans leurs d\u00e9marches de recherche d\u2019emploi transfrontalier.<\/p>\n<p>A chaque \u00e9tape ses outils<\/p>\n<p>La m\u00e9thode d\u2019accompagnement qui a \u00e9t\u00e9 d\u00e9ploy\u00e9e dans le cadre du projet Participation 4.0 est compos\u00e9e de <strong>7 \u00e9tapes incontournables<\/strong> allant du diagnostic des envies et freins \u00e0 l\u2019embauche. Afin de simplifier l\u2019appropriation de ces \u00e9tapes par les r\u00e9f\u00e9rents emploi fran\u00e7ais et allemands, que nous appellerons \u201cjobcoachs\u201d, ce guide formalise les objectifs de chaque \u00e9tape et propose une m\u00e9thode ainsi que des outils consultables sur notre site.<\/p>\n<p><strong>Un parcours modulaire<\/strong><\/p>\n<p>Parall\u00e8lement \u00e0 ces 7 \u00e9tapes, des outils innovants, pr\u00e9sent\u00e9s sous forme de modules, ont \u00e9t\u00e9 d\u00e9velopp\u00e9s pour lever des freins vers l\u2019emploi transfrontalier, comme la mobilit\u00e9 ou la reconnaissance des comp\u00e9tences. Ces freins peuvent intervenir \u00e0 des moments diff\u00e9rents du parcours, selon les personnes et les besoins des entreprises approch\u00e9es. Il revient donc au jobcoach d\u2019\u00eatre attentif \u00e0 ces freins et de proposer, si n\u00e9cessaire, des solutions adapt\u00e9es pour les lever.\u00a0 Quatre modules qui r\u00e9pondent \u00e0 quatre freins ont \u00e9t\u00e9 d\u00e9velopp\u00e9s et sont mobilisables \u00e0 n\u2019importe quel moment du parcours.<\/p>\n<p>Ce guide sert donc de support \u00e0 un accompagnement transfrontalier sur-mesure, modulable et personnalis\u00e9.<\/p>\n<p><strong>Des fiches ressources<\/strong><\/p>\n<p>Afin d\u2019\u00e9pauler les r\u00e9f\u00e9rents emploi allemands et fran\u00e7ais lors de leurs entretiens et de leur donner des \u00e9l\u00e9ments de r\u00e9ponse aux questions des demandeurs d\u2019emploi en situation de handicap, des fiches ressources ont \u00e9t\u00e9 ajout\u00e9es \u00e0 la fin du guide :<\/p>\n<ul>\n<li>Travailler en Allemagne : quel impact pour la retraite, le ch\u00f4mage, les imp\u00f4ts<\/li>\n<li>El\u00e9ments essentiels d\u2019un contrat de travail allemand\u00a0: le temps de travail \u2013 salaire minimum<\/li>\n<li>Contacts essentiels avec plan et acc\u00e8s en transport<\/li>\n<li>Arr\u00eat maladie<\/li>\n<li>Les cours d\u2019allemands dispens\u00e9s sur le territoire<\/li>\n<li>Les aides \u00e0 la mobilit\u00e9<\/li>\n<li>Les ateliers permettant de construire son projet professionnel<\/li>\n<\/ul>\n<\/div><hr class=\"cs-space\"><\/div><\/div><\/div><\/div><\/section><section class=\"cs-section\"><div class=\"container\"><div class=\"row\"><div class=\"col-md-12 vc_custom_1598358582803\"><div class=\"cs-column-inner\">[vc_empty_space height=\u00a0\u00bb60px\u00a0\u00bb]<div class=\"cs-column-text cs-animation fadeIn vc_custom_1598358786254\"><h2 style=\"text-align: center;\"><span style=\"color: #ffffff;\">Je t\u00e9l\u00e9charge le guide d&rsquo;accompagnement<\/span><\/h2>\n<\/div><div class=\"cs-btn-align text-center\"><a href=\"https:\/\/www.participation4-0.eu\/wp-content\/uploads\/2021\/02\/Participation4.0_Guide.pdf\" class=\"cs-btn cs-btn-custom cs-btn-square cs-btn-custom-own cs-btn-sm cs-btn-custom-69f2a1e82cc4c cs-animation fadeIn\" target=\"_blank\" title=\"https:\/\/www.participation4-0.eu\/wp-content\/uploads\/2021\/02\/Participation4.0_Guide.pdf\">En savoir plus<\/a><\/div>[vc_empty_space height=\u00a0\u00bb48px\u00a0\u00bb]<\/div><\/div><\/div><\/div><\/section>\n","protected":false},"excerpt":{"rendered":"<p><span class=\"entry-read-more\"><a href=\"https:\/\/www.participation4-0.eu\/fr\/arbeitsvermittler\/leitfaden\/\" class=\"cs-btn cs-btn-flat cs-btn-rounded cs-btn-xxs cs-btn-flat-accent\">Lire la suite<\/a><\/span><\/p>\n","protected":false},"author":1,"featured_media":0,"parent":5366,"menu_order":5,"comment_status":"open","ping_status":"closed","template":"","meta":{"footnotes":""},"class_list":["post-5369","page","type-page","status-publish","hentry"],"_links":{"self":[{"href":"https:\/\/www.participation4-0.eu\/fr\/wp-json\/wp\/v2\/pages\/5369","targetHints":{"allow":["GET"]}}],"collection":[{"href":"https:\/\/www.participation4-0.eu\/fr\/wp-json\/wp\/v2\/pages"}],"about":[{"href":"https:\/\/www.participation4-0.eu\/fr\/wp-json\/wp\/v2\/types\/page"}],"author":[{"embeddable":true,"href":"https:\/\/www.participation4-0.eu\/fr\/wp-json\/wp\/v2\/users\/1"}],"replies":[{"embeddable":true,"href":"https:\/\/www.participation4-0.eu\/fr\/wp-json\/wp\/v2\/comments?post=5369"}],"version-history":[{"count":36,"href":"https:\/\/www.participation4-0.eu\/fr\/wp-json\/wp\/v2\/pages\/5369\/revisions"}],"predecessor-version":[{"id":6543,"href":"https:\/\/www.participation4-0.eu\/fr\/wp-json\/wp\/v2\/pages\/5369\/revisions\/6543"}],"up":[{"embeddable":true,"href":"https:\/\/www.participation4-0.eu\/fr\/wp-json\/wp\/v2\/pages\/5366"}],"wp:attachment":[{"href":"https:\/\/www.participation4-0.eu\/fr\/wp-json\/wp\/v2\/media?parent=5369"}],"curies":[{"name":"wp","href":"https:\/\/api.w.org\/{rel}","templated":true}]}}