{"id":6422,"date":"2020-11-30T16:13:55","date_gmt":"2020-11-30T15:13:55","guid":{"rendered":"https:\/\/www.participation4-0.eu\/?page_id=6422"},"modified":"2020-12-01T09:17:18","modified_gmt":"2020-12-01T08:17:18","slug":"event-001","status":"publish","type":"page","link":"https:\/\/www.participation4-0.eu\/fr\/event-001\/","title":{"rendered":"VISIO-FORMATION: Communiquer autrement"},"content":{"rendered":"<section class=\"cs-section\"><div class=\"container\"><div class=\"row\"><div class=\"col-md-8\"><div class=\"cs-column-inner\"><div class=\"cs-divider-icon text-left\"><div class=\"cs-divider-icon-inner\" style=\"color:#bbbbbb;\"><\/div><\/div><div class=\"cs-column-text\"><p>La communication joue dans la plupart des secteurs un r\u00f4le pr\u00e9pond\u00e9rant. Cependant, il peut exister divers freins, personnes ne parlant pas la m\u00eame langue, environnement de travail bruyant, etc\u2026 Ces difficult\u00e9s peuvent conduire \u00e0 des malentendus, des conflits voire des situations de danger. Afin de r\u00e9pondre \u00e0 ces enjeux, nous travaillons dans le cadre du projet Participation 4.0 avec un partenaire sp\u00e9cialis\u00e9 dans ce type de solutions, B4COM COMFORM.<\/p>\n<p>EasyCom est un dispositif de communication au travail par gestes intuitifs et norm\u00e9s, d\u2019apprentissage rapide et ais\u00e9, permettant une meilleure inclusion de tous les salari\u00e9s travaillant dans des environnements o\u00f9 la communication orale est d\u00e9grad\u00e9e voire impossible. La mise en \u0153uvre de ces codes visuo-gestuels, propres au secteur professionnel, est aussi facilitatrice des apprentissages linguistiques futurs. Elle est donc compl\u00e9mentaire \u00e0 l\u2019apprentissage de la langue de travail.<\/p>\n<p>Si vous \u00eates int\u00e9ress\u00e9(e) par une initiation, nous vous invitons dans le cadre du projet \u00ab\u00a0Participation 4.0\u00a0\u00bb \u00e0 prendre part \u00e0 notre visio-formation le mardi 15 d\u00e9cembre \u00e0 9h. Veuillez noter que la m\u00e9thode implique que plusieurs personnes d\u2019une m\u00eame entit\u00e9 y participent. Nous vous invitons donc \u00e0 en faire part \u00e0 l\u2019ensemble de vos collaborateurs susceptibles d\u2019\u00eatre int\u00e9ress\u00e9s ou amen\u00e9s \u00e0 les utiliser dans son contexte professionnel actuel ou futur.<\/p>\n<p><strong>Inscription obligatoire.<\/strong><\/p>\n<\/div>[vc_empty_space height=\u00a0\u00bb20px\u00a0\u00bb][vc_custom_heading text=\u00a0\u00bbINSCRIPTION\u00a0\u00bb font_container=\u00a0\u00bbtag:h2|text_align:center|color:%231e73be\u00a0\u00bb use_theme_fonts=\u00a0\u00bbyes\u00a0\u00bb]<div class=\"cs-divider-icon text-left\"><div class=\"cs-divider-icon-inner\" style=\"color:#bbbbbb;\"><span class=\"inner-text\">Inscrivez-vous ici<\/span><\/div><\/div>\n<div class=\"wpcf7 no-js\" id=\"wpcf7-f6421-o1\" lang=\"de-DE\" dir=\"ltr\" data-wpcf7-id=\"6421\">\n<div class=\"screen-reader-response\"><p role=\"status\" aria-live=\"polite\" aria-atomic=\"true\"><\/p> <ul><\/ul><\/div>\n<form action=\"\/fr\/wp-json\/wp\/v2\/pages\/6422#wpcf7-f6421-o1\" method=\"post\" class=\"wpcf7-form init\" aria-label=\"Kontaktformular\" novalidate=\"novalidate\" data-status=\"init\">\n<fieldset class=\"hidden-fields-container\"><input type=\"hidden\" name=\"_wpcf7\" value=\"6421\" \/><input type=\"hidden\" name=\"_wpcf7_version\" value=\"6.1.5\" \/><input type=\"hidden\" name=\"_wpcf7_locale\" value=\"de_DE\" \/><input type=\"hidden\" name=\"_wpcf7_unit_tag\" value=\"wpcf7-f6421-o1\" \/><input type=\"hidden\" name=\"_wpcf7_container_post\" value=\"0\" \/><input type=\"hidden\" name=\"_wpcf7_posted_data_hash\" value=\"\" \/><input type=\"hidden\" name=\"lang\" value=\"fr\" \/>\n<\/fieldset>\n<p><label> Pr\u00e9nom<br \/>\n<span class=\"wpcf7-form-control-wrap\" data-name=\"your-name\"><input size=\"40\" maxlength=\"400\" class=\"wpcf7-form-control wpcf7-text wpcf7-validates-as-required\" aria-required=\"true\" aria-invalid=\"false\" value=\"\" type=\"text\" name=\"your-name\" \/><\/span> <\/label>\n<\/p>\n<p><label> Nom<br \/>\n<span class=\"wpcf7-form-control-wrap\" data-name=\"your-surname\"><input size=\"40\" maxlength=\"400\" class=\"wpcf7-form-control wpcf7-text wpcf7-validates-as-required\" aria-required=\"true\" aria-invalid=\"false\" value=\"\" type=\"text\" name=\"your-surname\" \/><\/span> <\/label>\n<\/p>\n<p><label> Adresse<br \/>\n<span class=\"wpcf7-form-control-wrap\" data-name=\"your-address\"><textarea cols=\"40\" rows=\"10\" maxlength=\"2000\" class=\"wpcf7-form-control wpcf7-textarea\" aria-invalid=\"false\" name=\"your-address\"><\/textarea><\/span> <\/label>\n<\/p>\n<p><label> Pays<br \/>\n<span class=\"wpcf7-form-control-wrap\" data-name=\"your-country\"><input size=\"40\" maxlength=\"400\" class=\"wpcf7-form-control wpcf7-text wpcf7-validates-as-required\" aria-required=\"true\" aria-invalid=\"false\" value=\"\" type=\"text\" name=\"your-country\" \/><\/span> <\/label>\n<\/p>\n<p><label> E-Mail<br \/>\n<span class=\"wpcf7-form-control-wrap\" data-name=\"your-email\"><input size=\"40\" maxlength=\"400\" class=\"wpcf7-form-control wpcf7-email wpcf7-validates-as-required wpcf7-text wpcf7-validates-as-email\" aria-required=\"true\" aria-invalid=\"false\" value=\"\" type=\"email\" name=\"your-email\" \/><\/span> <\/label>\n<\/p>\n<p><label> Num\u00e9ro de t\u00e9l\u00e9phone<br \/>\n<span class=\"wpcf7-form-control-wrap\" data-name=\"your-telefon\"><input size=\"40\" maxlength=\"400\" class=\"wpcf7-form-control wpcf7-text wpcf7-validates-as-required\" aria-required=\"true\" aria-invalid=\"false\" value=\"\" type=\"text\" name=\"your-telefon\" \/><\/span> <\/label>\n<\/p>\n<p><span id=\"wpcf7-69f21df2d5996-wrapper\" class=\"wpcf7-form-control-wrap honeypot-435-wrap\" style=\"display:none !important; visibility:hidden !important;\"><label for=\"wpcf7-69f21df2d5996-field\" class=\"hp-message\">Bitte lasse dieses Feld leer.<\/label><input id=\"wpcf7-69f21df2d5996-field\"  class=\"wpcf7-form-control wpcf7-text\" type=\"text\" name=\"honeypot-435\" value=\"\" size=\"40\" tabindex=\"-1\" autocomplete=\"new-password\" \/><\/span>\n<\/p>\n<p><input class=\"cs-btn cs-btn-flat cs-btn-rounded cs-btn-sm cs-btn-flat-accent wpcf7-form-control wpcf7-submit\" type=\"submit\" value=\"Enregistrer\" \/>\n<\/p><div class=\"wpcf7-response-output\" aria-hidden=\"true\"><\/div>\n<\/form>\n<\/div>\n<\/div><\/div><div class=\"col-md-4\"><div class=\"cs-column-inner\"><div class=\"cs-divider-icon text-left\"><div class=\"cs-divider-icon-inner\" style=\"color:#bbbbbb;\"><span class=\"inner-text\">Contact<\/span><\/div><\/div><div class=\"cs-column-text\"><p><strong>Adresse:<\/strong><br \/>\nASW+W gGmbH<br \/>\nIm Seewinkel 3<br \/>\n77652 Offenburg<\/p>\n<p><strong>T\u00e9l\u00e9phone:<\/strong> +49(0)781 92250<br \/>\n<strong>E-Mail:<\/strong> <a href=\"mailto:info@participation4-0.eu\">info@participation4-0.eu<\/a><\/p>\n<\/div><div class=\"cs-divider-icon text-left\"><div class=\"cs-divider-icon-inner\" style=\"color:#bbbbbb;\"><span class=\"inner-text\">Itin\u00e9raire<\/span><\/div><\/div>[vc_raw_html]JTNDaWZyYW1lJTIwc3JjJTNEJTIyaHR0cHMlM0ElMkYlMkZ3d3cuZ29vZ2xlLmNvbSUyRm1hcHMlMkZlbWJlZCUzRnBiJTNEJTIxMW0xNCUyMTFtOCUyMTFtMyUyMTFkMTA1NzguODcyNTE4MDc0MTkzJTIxMmQ3LjkzNjc2JTIxM2Q0OC40ODExMiUyMTNtMiUyMTFpMTAyNCUyMTJpNzY4JTIxNGYxMy4xJTIxM20zJTIxMW0yJTIxMXMweDAlMjUzQTB4ZDFkMTE5OTQyNDhlNjVjOSUyMTJzQWxiZXJ0LVNjaHdlaXR6ZXItV2Vya3N0JTI1QzMlMjVBNHR0ZW4lMjUyMHVuZCUyNTIwV29obmVpbnJpY2h0dW5nZW4lMjE1ZTAlMjEzbTIlMjExc2RlJTIxMnNkZSUyMTR2MTU5ODUzMDAwOTcxNiUyMTVtMiUyMTFzZGUlMjEyc2RlJTIyJTIwd2lkdGglM0QlMjIzNTAlMjIlMjBoZWlnaHQlM0QlMjI0MDAlMjIlMjBmcmFtZWJvcmRlciUzRCUyMjAlMjIlMjBzdHlsZSUzRCUyMmJvcmRlciUzQTAlM0IlMjIlMjBhbGxvd2Z1bGxzY3JlZW4lM0QlMjIlMjIlMjBhcmlhLWhpZGRlbiUzRCUyMmZhbHNlJTIyJTIwdGFiaW5kZXglM0QlMjIwJTIyJTNFJTNDJTJGaWZyYW1lJTNF[\/vc_raw_html]<\/div><\/div><\/div><\/div><\/section>\n","protected":false},"excerpt":{"rendered":"<p><span class=\"entry-read-more\"><a href=\"https:\/\/www.participation4-0.eu\/fr\/event-001\/\" class=\"cs-btn cs-btn-flat cs-btn-rounded cs-btn-xxs cs-btn-flat-accent\">Lire la suite<\/a><\/span><\/p>\n","protected":false},"author":1,"featured_media":0,"parent":0,"menu_order":21,"comment_status":"open","ping_status":"open","template":"","meta":{"footnotes":""},"class_list":["post-6422","page","type-page","status-publish","hentry"],"_links":{"self":[{"href":"https:\/\/www.participation4-0.eu\/fr\/wp-json\/wp\/v2\/pages\/6422","targetHints":{"allow":["GET"]}}],"collection":[{"href":"https:\/\/www.participation4-0.eu\/fr\/wp-json\/wp\/v2\/pages"}],"about":[{"href":"https:\/\/www.participation4-0.eu\/fr\/wp-json\/wp\/v2\/types\/page"}],"author":[{"embeddable":true,"href":"https:\/\/www.participation4-0.eu\/fr\/wp-json\/wp\/v2\/users\/1"}],"replies":[{"embeddable":true,"href":"https:\/\/www.participation4-0.eu\/fr\/wp-json\/wp\/v2\/comments?post=6422"}],"version-history":[{"count":17,"href":"https:\/\/www.participation4-0.eu\/fr\/wp-json\/wp\/v2\/pages\/6422\/revisions"}],"predecessor-version":[{"id":6442,"href":"https:\/\/www.participation4-0.eu\/fr\/wp-json\/wp\/v2\/pages\/6422\/revisions\/6442"}],"wp:attachment":[{"href":"https:\/\/www.participation4-0.eu\/fr\/wp-json\/wp\/v2\/media?parent=6422"}],"curies":[{"name":"wp","href":"https:\/\/api.w.org\/{rel}","templated":true}]}}